{"id":2678,"date":"2025-08-15T08:43:11","date_gmt":"2025-08-15T08:43:11","guid":{"rendered":"https:\/\/aosenfab.com\/?post_type=product&#038;p=2678"},"modified":"2025-09-22T10:29:29","modified_gmt":"2025-09-22T10:29:29","slug":"fridge-drop-down-slide-for-ute-canopy","status":"publish","type":"product","link":"https:\/\/aosenfab.com\/es\/producto\/fridge-drop-down-slide-for-ute-canopy\/","title":{"rendered":"NEVERA TOBOG\u00c1N ABATIBLE PARA CAPOTA UTE"},"content":{"rendered":"<p><img decoding=\"async\" src=\"https:\/\/cdn.shopify.com\/s\/files\/1\/0833\/8918\/6365\/files\/truck_toolbox_4_480x480.jpg?v=1696579218\" alt=\"Truck Toolbox 4 480x480\" title=\"NEVERA TOBOG\u00c1N ABATIBLE PARA CAPOTA UTE\">Deslizador de nevera abatible, adecuado para camionetas, SUV, grandes armarios de aluminio, monovol\u00famenes y veh\u00edculos recreativos.El riel de deslizamiento utiliza un riel de deslizamiento de alta resistencia de 76 mm de ancho, que tiene una fuerte capacidad de soporte y puede alcanzar un m\u00e1ximo de 100 kg.La parte inferior de este riel de deslizamiento est\u00e1 equipada con una tabla de cortar de acero inoxidable 304, que es conveniente para cocinar durante el camping al aire libre y picnics.<\/p>\n<p><br data-mce-fragment=\"1\" \/>Gu\u00eda de deslizamiento resistente de 76 mm de ancho con cerradura, que soporta unos 220 kg<br data-mce-fragment=\"1\" \/>Tama\u00f1o: 771*468,5 mm, 40L, 50L, 60L, 80L tama\u00f1o personalizado<br data-mce-fragment=\"1\" \/>Acabado: Recubierto de polvo negro, color personalizado<\/p>\n<p>\u00a1Diversos materiales, grueso, y los accesorios tienen diversos precios, nos env\u00edan por correo electr\u00f3nico por favor para su cotizaci\u00f3n!<\/p>\n<p>&nbsp;<\/p>","protected":false},"excerpt":{"rendered":"<p>Drop down fridge slide, suitable for pickups, SUV, large aluminum cabinets, minivans, and RVs.The slide rail uses a 76mm wide [&hellip;]<\/p>","protected":false},"featured_media":0,"template":"","meta":{"_uag_custom_page_level_css":"","site-sidebar-layout":"default","site-content-layout":"","ast-site-content-layout":"default","site-content-style":"default","site-sidebar-style":"default","ast-global-header-display":"","ast-banner-title-visibility":"","ast-main-header-display":"","ast-hfb-above-header-display":"","ast-hfb-below-header-display":"","ast-hfb-mobile-header-display":"","site-post-title":"","ast-breadcrumbs-content":"","ast-featured-img":"","footer-sml-layout":"","theme-transparent-header-meta":"default","adv-header-id-meta":"","stick-header-meta":"","header-above-stick-meta":"","header-main-stick-meta":"","header-below-stick-meta":"","astra-migrate-meta-layouts":"set","ast-page-background-enabled":"default","ast-page-background-meta":{"desktop":{"background-color":"var(--ast-global-color-4)","background-image":"","background-repeat":"repeat","background-position":"center center","background-size":"auto","background-attachment":"scroll","background-type":"","background-media":"","overlay-type":"","overlay-color":"","overlay-opacity":"","overlay-gradient":""},"tablet":{"background-color":"","background-image":"","background-repeat":"repeat","background-position":"center center","background-size":"auto","background-attachment":"scroll","background-type":"","background-media":"","overlay-type":"","overlay-color":"","overlay-opacity":"","overlay-gradient":""},"mobile":{"background-color":"","background-image":"","background-repeat":"repeat","background-position":"center center","background-size":"auto","background-attachment":"scroll","background-type":"","background-media":"","overlay-type":"","overlay-color":"","overlay-opacity":"","overlay-gradient":""}},"ast-content-background-meta":{"desktop":{"background-color":"var(--ast-global-color-5)","background-image":"","background-repeat":"repeat","background-position":"center center","background-size":"auto","background-attachment":"scroll","background-type":"","background-media":"","overlay-type":"","overlay-color":"","overlay-opacity":"","overlay-gradient":""},"tablet":{"background-color":"var(--ast-global-color-5)","background-image":"","background-repeat":"repeat","background-position":"center center","background-size":"auto","background-attachment":"scroll","background-type":"","background-media":"","overlay-type":"","overlay-color":"","overlay-opacity":"","overlay-gradient":""},"mobile":{"background-color":"var(--ast-global-color-5)","background-image":"","background-repeat":"repeat","background-position":"center center","background-size":"auto","background-attachment":"scroll","background-type":"","background-media":"","overlay-type":"","overlay-color":"","overlay-opacity":"","overlay-gradient":""}}},"product_brand":[],"product_cat":[45],"product_tag":[],"class_list":{"0":"post-2678","1":"product","2":"type-product","3":"status-publish","5":"product_cat-optional-extras","6":"desktop-align-left","7":"tablet-align-left","8":"mobile-align-left","9":"ast-product-gallery-layout-horizontal-slider","10":"ast-product-tabs-layout-horizontal","12":"first","13":"instock","14":"shipping-taxable","15":"purchasable","16":"product-type-simple"},"uagb_featured_image_src":{"full":false,"thumbnail":false,"medium":false,"medium_large":false,"large":false,"1536x1536":false,"2048x2048":false,"trp-custom-language-flag":false,"woocommerce_thumbnail":false,"woocommerce_single":false,"woocommerce_gallery_thumbnail":false},"uagb_author_info":{"display_name":"admin","author_link":"https:\/\/aosenfab.com\/es\/author\/"},"uagb_comment_info":0,"uagb_excerpt":"Drop down fridge slide, suitable for pickups, SUV, large aluminum cabinets, minivans, and RVs.The slide rail uses a 76mm wide [&hellip;]","_links":{"self":[{"href":"https:\/\/aosenfab.com\/es\/wp-json\/wp\/v2\/product\/2678","targetHints":{"allow":["GET"]}}],"collection":[{"href":"https:\/\/aosenfab.com\/es\/wp-json\/wp\/v2\/product"}],"about":[{"href":"https:\/\/aosenfab.com\/es\/wp-json\/wp\/v2\/types\/product"}],"wp:attachment":[{"href":"https:\/\/aosenfab.com\/es\/wp-json\/wp\/v2\/media?parent=2678"}],"wp:term":[{"taxonomy":"product_brand","embeddable":true,"href":"https:\/\/aosenfab.com\/es\/wp-json\/wp\/v2\/product_brand?post=2678"},{"taxonomy":"product_cat","embeddable":true,"href":"https:\/\/aosenfab.com\/es\/wp-json\/wp\/v2\/product_cat?post=2678"},{"taxonomy":"product_tag","embeddable":true,"href":"https:\/\/aosenfab.com\/es\/wp-json\/wp\/v2\/product_tag?post=2678"}],"curies":[{"name":"wp","href":"https:\/\/api.w.org\/{rel}","templated":true}]}}