{"id":2653,"date":"2025-08-15T08:43:10","date_gmt":"2025-08-15T08:43:10","guid":{"rendered":"https:\/\/aosenfab.com\/?post_type=product&#038;p=2653"},"modified":"2025-08-30T03:07:04","modified_gmt":"2025-08-30T03:07:04","slug":"black-can-holder","status":"publish","type":"product","link":"https:\/\/aosenfab.com\/pt\/produto\/black-can-holder\/","title":{"rendered":"SUPORTE PARA LATAS PRETO"},"content":{"rendered":"<p>Normalmente, usamos alum\u00ednio de 3,0 mm de espessura como material, que \u00e9 mais espesso e mais forte. Alguns orif\u00edcios tornam o porta-latas mais bonito e f\u00e1cil de transportar. Os furos s\u00e3o usados para suspens\u00e3o e vazamento de \u00e1gua. N\u00f3s somos fabricantes profissionais de produtos exteriores, como outras pe\u00e7as de cami\u00e3o ou pickup na China. Qualquer coment\u00e1rio, por favor, venha at\u00e9 mim sem hesitar.<\/p>\n<p>3.0~4.0 Liga plana de alum\u00ednio<\/p>\n<p>Corte a laser<\/p>\n<p>Cor: Preto\/branco \/ RAW<\/p>\n<p>Diferentes materiais, espessuras e acess\u00f3rios t\u00eam pre\u00e7os diferentes, por favor envie-nos um email para o seu or\u00e7amento!<\/p>\n<p><img decoding=\"async\" src=\"https:\/\/cdn.shopifycdn.net\/s\/files\/1\/0833\/8918\/6365\/files\/3_3691f857-049a-40e9-af7f-055d2f62d22f_480x480.jpg?v=1698649521\" alt=\"3 3691f857 049a 40e9 Af7f 055d2f62d22f 480x480\" title=\"SUPORTE PARA LATAS PRETO\"><\/p>\n<p><img decoding=\"async\" src=\"https:\/\/cdn.shopify.com\/s\/files\/1\/0833\/8918\/6365\/files\/truck_toolbox_4_480x480.jpg?v=1696579218\" alt=\"Truck Toolbox 4 480x480\" title=\"SUPORTE PARA LATAS PRETO\"><\/p>","protected":false},"excerpt":{"rendered":"<p>We usually use 3.0mm thick aluminum as the material and it&#8217;s thicken and stronger.There are some holes will make can [&hellip;]<\/p>","protected":false},"featured_media":0,"template":"","meta":{"_uag_custom_page_level_css":"","site-sidebar-layout":"default","site-content-layout":"","ast-site-content-layout":"default","site-content-style":"default","site-sidebar-style":"default","ast-global-header-display":"","ast-banner-title-visibility":"","ast-main-header-display":"","ast-hfb-above-header-display":"","ast-hfb-below-header-display":"","ast-hfb-mobile-header-display":"","site-post-title":"","ast-breadcrumbs-content":"","ast-featured-img":"","footer-sml-layout":"","theme-transparent-header-meta":"default","adv-header-id-meta":"","stick-header-meta":"","header-above-stick-meta":"","header-main-stick-meta":"","header-below-stick-meta":"","astra-migrate-meta-layouts":"set","ast-page-background-enabled":"default","ast-page-background-meta":{"desktop":{"background-color":"var(--ast-global-color-4)","background-image":"","background-repeat":"repeat","background-position":"center center","background-size":"auto","background-attachment":"scroll","background-type":"","background-media":"","overlay-type":"","overlay-color":"","overlay-opacity":"","overlay-gradient":""},"tablet":{"background-color":"","background-image":"","background-repeat":"repeat","background-position":"center center","background-size":"auto","background-attachment":"scroll","background-type":"","background-media":"","overlay-type":"","overlay-color":"","overlay-opacity":"","overlay-gradient":""},"mobile":{"background-color":"","background-image":"","background-repeat":"repeat","background-position":"center center","background-size":"auto","background-attachment":"scroll","background-type":"","background-media":"","overlay-type":"","overlay-color":"","overlay-opacity":"","overlay-gradient":""}},"ast-content-background-meta":{"desktop":{"background-color":"var(--ast-global-color-5)","background-image":"","background-repeat":"repeat","background-position":"center center","background-size":"auto","background-attachment":"scroll","background-type":"","background-media":"","overlay-type":"","overlay-color":"","overlay-opacity":"","overlay-gradient":""},"tablet":{"background-color":"var(--ast-global-color-5)","background-image":"","background-repeat":"repeat","background-position":"center center","background-size":"auto","background-attachment":"scroll","background-type":"","background-media":"","overlay-type":"","overlay-color":"","overlay-opacity":"","overlay-gradient":""},"mobile":{"background-color":"var(--ast-global-color-5)","background-image":"","background-repeat":"repeat","background-position":"center center","background-size":"auto","background-attachment":"scroll","background-type":"","background-media":"","overlay-type":"","overlay-color":"","overlay-opacity":"","overlay-gradient":""}}},"product_brand":[],"product_cat":[45],"product_tag":[],"class_list":{"0":"post-2653","1":"product","2":"type-product","3":"status-publish","5":"product_cat-optional-extras","6":"desktop-align-left","7":"tablet-align-left","8":"mobile-align-left","9":"ast-product-gallery-layout-horizontal-slider","10":"ast-product-tabs-layout-horizontal","12":"first","13":"instock","14":"shipping-taxable","15":"purchasable","16":"product-type-simple"},"uagb_featured_image_src":{"full":false,"thumbnail":false,"medium":false,"medium_large":false,"large":false,"1536x1536":false,"2048x2048":false,"trp-custom-language-flag":false,"woocommerce_thumbnail":false,"woocommerce_single":false,"woocommerce_gallery_thumbnail":false},"uagb_author_info":{"display_name":"admin","author_link":"https:\/\/aosenfab.com\/pt\/author\/"},"uagb_comment_info":0,"uagb_excerpt":"We usually use 3.0mm thick aluminum as the material and it&#8217;s thicken and stronger.There are some holes will make can [&hellip;]","_links":{"self":[{"href":"https:\/\/aosenfab.com\/pt\/wp-json\/wp\/v2\/product\/2653","targetHints":{"allow":["GET"]}}],"collection":[{"href":"https:\/\/aosenfab.com\/pt\/wp-json\/wp\/v2\/product"}],"about":[{"href":"https:\/\/aosenfab.com\/pt\/wp-json\/wp\/v2\/types\/product"}],"wp:attachment":[{"href":"https:\/\/aosenfab.com\/pt\/wp-json\/wp\/v2\/media?parent=2653"}],"wp:term":[{"taxonomy":"product_brand","embeddable":true,"href":"https:\/\/aosenfab.com\/pt\/wp-json\/wp\/v2\/product_brand?post=2653"},{"taxonomy":"product_cat","embeddable":true,"href":"https:\/\/aosenfab.com\/pt\/wp-json\/wp\/v2\/product_cat?post=2653"},{"taxonomy":"product_tag","embeddable":true,"href":"https:\/\/aosenfab.com\/pt\/wp-json\/wp\/v2\/product_tag?post=2653"}],"curies":[{"name":"wp","href":"https:\/\/api.w.org\/{rel}","templated":true}]}}